{"id":3,"date":"2020-11-23T18:01:56","date_gmt":"2020-11-23T18:01:56","guid":{"rendered":"https:\/\/startin.lv\/?page_id=3"},"modified":"2023-06-20T09:08:28","modified_gmt":"2023-06-20T09:08:28","slug":"privacy-policy","status":"publish","type":"page","link":"https:\/\/startin.lv\/lv\/privacy-policy\/","title":{"rendered":"Privacy Policy"},"content":{"rendered":"<p>[et_pb_section fb_built=&#8221;1&#8243; _builder_version=&#8221;4.18.0&#8243; _module_preset=&#8221;default&#8221; global_colors_info=&#8221;{}&#8221;][et_pb_row _builder_version=&#8221;4.18.0&#8243; _module_preset=&#8221;default&#8221; global_colors_info=&#8221;{}&#8221;][et_pb_column type=&#8221;4_4&#8243; _builder_version=&#8221;4.18.0&#8243; _module_preset=&#8221;default&#8221; global_colors_info=&#8221;{}&#8221;][et_pb_text _builder_version=&#8221;4.20.1&#8243; _module_preset=&#8221;default&#8221; hover_enabled=&#8221;0&#8243; global_colors_info=&#8221;{}&#8221; sticky_enabled=&#8221;0&#8243;]<\/p>\n<h1><b>Privacy Policy<\/b><\/h1>\n<p>&nbsp;<\/p>\n<p><b>DATA CONTROLLER<\/b><\/p>\n<p><span style=\"font-weight: 400;\">Your data controller while visiting this website is the Latvian Startup Association Startin.LV (our official registered name: <\/span><i><span style=\"font-weight: 400;\">biedr\u012bba Latvijas Jaunuz\u0146\u0113mumu asoci\u0101cija<\/span><\/i><span style=\"font-weight: 400;\">\u00a0 ). Registration number: 40008247834.<\/span><\/p>\n<h6>\u00a0<\/h6>\n<h6><b>Contact information.\u00a0<\/b><\/h6>\n<p>&nbsp;<\/p>\n<p><span style=\"font-weight: 400;\">Legal address: R\u012bga, Kronvalda bulv\u0101ris 4, LV-1010<\/span><\/p>\n<p><span style=\"font-weight: 400;\">E-mail: <a href=\"mailto:info@startin.lv\">info@startin.lv<\/a><\/span><\/p>\n<p>&nbsp;<\/p>\n<h6><b>Who are we?\u00a0<\/b><\/h6>\n<p>&nbsp;<\/p>\n<p><span style=\"font-weight: 400;\">Latvian Startup Association \u201cStartin.LV\u201d is a non-profit, non-government organization, established in 2016 in a grassroots movement to unite the voices of the Latvian start-ups, develop the start-up community and facilitate mutual understanding within the start-up environment.<\/span><\/p>\n<h5>\u00a0<\/h5>\n<h6>\u00a0<\/h6>\n<h6><b>What data do we collect?\u00a0<\/b><\/h6>\n<p>&nbsp;<\/p>\n<p>&nbsp;<\/p>\n<p><b>Processing of association\u2019s members\u2019 data. <\/b><span style=\"font-weight: 400;\">\u00a0<\/span><\/p>\n<ul>\n<li style=\"list-style-type: none;\">\n<ul>\n<li aria-level=\"1\"><span style=\"font-weight: 400;\">We process the data you provide when filling out the \u201cStartin.LV new member form\u201d. Such data are the e-mail address, first and last name, phone number, personal identification number, information about your company, and information provided in social networks (if social networks are indicated).<\/span><\/li>\n<\/ul>\n<\/li>\n<\/ul>\n<p><b>Processing information published in social networks.<\/b><\/p>\n<ul>\n<li style=\"list-style-type: none;\">\n<ul>\n<li aria-level=\"1\"><span style=\"font-weight: 400;\">If social networks are indicated we process information provided on the following social networks: Facebook, LinkedIn, Twitter, Medium.<\/span><\/li>\n<\/ul>\n<\/li>\n<\/ul>\n<p><b>Billing data<\/b><\/p>\n<ul>\n<li style=\"list-style-type: none;\">\n<ul>\n<li aria-level=\"1\"><span style=\"font-weight: 400;\">Startin.LV collects the annual membership fee from its members. Therefore, we process members&#8217; billing data when the association&#8217;s membership fee is paid.<\/span> <span style=\"font-weight: 400;\">Such data are the company\u2019s name, legal address and registration number.\u00a0<\/span><\/li>\n<\/ul>\n<\/li>\n<\/ul>\n<p><b>Applications for events organized by the association.\u00a0<\/b><\/p>\n<ul>\n<li style=\"list-style-type: none;\">\n<ul>\n<li aria-level=\"1\"><span style=\"font-weight: 400;\">We process data included in applications for events organized by our association such data are name, last name, telephone number, e-mail address, and name of the company. <\/span><b>\u00a0<\/b><\/li>\n<\/ul>\n<\/li>\n<\/ul>\n<p><b>Communication.<\/b><\/p>\n<ul>\n<li style=\"list-style-type: none;\">\n<ul>\n<li style=\"font-weight: 400;\" aria-level=\"1\"><span style=\"font-weight: 400;\">When a user subscribes to our monthly newsletter or applies for an on-demand webinar, we collect his\/her email address.<\/span><\/li>\n<\/ul>\n<\/li>\n<\/ul>\n<h6>\u00a0<\/h6>\n<h6><b>What are the purposes and legal basis for processing personal data?<\/b><\/h6>\n<p>&nbsp;<\/p>\n<p>&nbsp;<\/p>\n<p><b>Attracting association\u2019s members.\u00a0\u00a0<\/b><\/p>\n<ul>\n<li style=\"list-style-type: none;\">\n<ul>\n<li aria-level=\"1\"><span style=\"font-weight: 400;\">The purpose of processing members&#8217; data derives from the purpose of our association, which is to help Latvian start-ups grow by giving them access to knowledge, network, opportunities and business perks. The legal basis is our legitimate interests.<\/span><\/li>\n<\/ul>\n<\/li>\n<\/ul>\n<p><b>Communication and social networks.\u00a0<\/b><\/p>\n<ul>\n<li style=\"list-style-type: none;\">\n<ul>\n<li><span style=\"font-weight: 400;\">The legal basis for communication and processing data included in social networks is our legitimate interests.<\/span><\/li>\n<\/ul>\n<\/li>\n<\/ul>\n<p><b>Processing billing data.\u00a0<\/b><\/p>\n<ul>\n<li style=\"list-style-type: none;\">\n<ul>\n<li><span style=\"font-weight: 400;\">The legal basis for the processing of your billing data derives from the agreement on membership in the association concluded between the Startin.LV and you, as well as the applicable regulatory acts.<\/span><\/li>\n<\/ul>\n<\/li>\n<\/ul>\n<p><b>Processing data included in applications for events organized by the association.\u00a0<\/b><\/p>\n<ul>\n<li style=\"list-style-type: none;\">\n<ul>\n<li><span style=\"font-weight: 400;\">The legal basis for processing data included in applications for events organized by the association is our legitimate interests to ensure the successful conduct of organized events that are related to the purpose of our activity.<\/span><\/li>\n<\/ul>\n<\/li>\n<\/ul>\n<h6>\u00a0<\/h6>\n<h6><b>What is the period for which the personal data will be stored and where it will be stored?\u00a0<\/b><\/h6>\n<p>&nbsp;<\/p>\n<p>&nbsp;<\/p>\n<p><span style=\"font-weight: 400;\">Personal data is stored until the specified purpose of processing is achieved, that is:<\/span><\/p>\n<ul>\n<li style=\"list-style-type: none;\">\n<ul>\n<li style=\"font-weight: 400;\" aria-level=\"1\"><span style=\"font-weight: 400;\">When we have pursued our legitimate interests.<\/span><\/li>\n<li style=\"font-weight: 400;\" aria-level=\"1\"><span style=\"font-weight: 400;\">When we are not obliged to store your personal data according to applicable laws.<\/span><\/li>\n<li style=\"font-weight: 400;\" aria-level=\"1\"><span style=\"font-weight: 400;\">When a mutually concluded contract between you and us ends.<\/span><\/li>\n<li style=\"font-weight: 400;\" aria-level=\"1\"><span style=\"font-weight: 400;\">If the data processing is based on your consent it will be stored until your consent is withdrawn.\u00a0<\/span><\/li>\n<\/ul>\n<\/li>\n<\/ul>\n<p><span style=\"font-weight: 400;\">Once the specified purpose is achieved your personal data is permanently deleted in a secure manner. We do not transfer your personal data to countries outside the European Economic Area. We may transfer your data to law enforcement authorities and supervisory authorities if a legal notice is received as far as it does not exceed the performance of necessary functions.<\/span><\/p>\n<p>&nbsp;<\/p>\n<h6><b>What are cookies?\u00a0<\/b><\/h6>\n<p>&nbsp;<\/p>\n<p><span style=\"font-weight: 400;\">Cookies are small text files that are downloaded and stored on your computer or other device (eg smartphone, tablet) and stored in your web browser during your visit to the website. They can be used to keep track of which pages on the website you visit, to save information you have entered or to remember your preferences, such as language settings, as you browse the website.<\/span><\/p>\n<h6>\u00a0<\/h6>\n<h6><b>How does Startin.LV use cookies?<\/b><\/h6>\n<p>&nbsp;<\/p>\n<p><span style=\"font-weight: 400;\">We use three categories of cookies (strictly necessary, analytics and tracking cookies) but only require user consent for two of them. You can find more detailed information about the types of cookies, your rights and other related information in our cookie policy.<\/span><\/p>\n<h6>\u00a0<\/h6>\n<h6>\u00a0<\/h6>\n<h6><b>Your rights and how you may exercise them.<\/b><\/h6>\n<p>&nbsp;<\/p>\n<p>&nbsp;<\/p>\n<p><b>Right To Access Data<\/b><\/p>\n<p><span style=\"font-weight: 400;\">You can ask us to do the following:<\/span><\/p>\n<ul>\n<li style=\"list-style-type: none;\">\n<ul>\n<li style=\"font-weight: 400;\" aria-level=\"1\"><span style=\"font-weight: 400;\">Confirm whether we are processing your personal data;<\/span><\/li>\n<li style=\"font-weight: 400;\" aria-level=\"1\"><span style=\"font-weight: 400;\">Provide you with a copy of this data; provide you with other information about your personal data, such as what data we hold, what we use it for, who we disclose it to, whether we transfer it abroad and how we protect it, how long we store it, what are your rights, how you can file a complaint, where we obtained your data, to the extent that such information is not already provided to you in this privacy policy.<\/span><\/li>\n<\/ul>\n<\/li>\n<\/ul>\n<p><b>Right To Have Data Rectified\u00a0<\/b><\/p>\n<ul>\n<li style=\"list-style-type: none;\">\n<ul>\n<li style=\"font-weight: 400;\" aria-level=\"1\"><span style=\"font-weight: 400;\">You can ask us to correct inaccurate personal data.<\/span><\/li>\n<\/ul>\n<\/li>\n<\/ul>\n<p><b>Right to have data erased<\/b><\/p>\n<p><span style=\"font-weight: 400;\">You can ask us to delete your personal data, but only if:<\/span><\/p>\n<ul>\n<li style=\"list-style-type: none;\">\n<ul>\n<li style=\"font-weight: 400;\" aria-level=\"1\"><span style=\"font-weight: 400;\">The data is no longer needed for the purposes for which it was received or processed; or<\/span><\/li>\n<li style=\"font-weight: 400;\" aria-level=\"1\"><span style=\"font-weight: 400;\">You have withdrawn your consent (if data processing was based on consent); or<\/span><\/li>\n<li style=\"font-weight: 400;\" aria-level=\"1\"><span style=\"font-weight: 400;\">The data has been unlawfully processed; or<\/span><\/li>\n<li style=\"font-weight: 400;\" aria-level=\"1\"><span style=\"font-weight: 400;\">to comply with a legal obligation applicable to us.<\/span><\/li>\n<\/ul>\n<\/li>\n<\/ul>\n<p>We do not have to comply with your request to delete your personal data if the processing of your personal data is necessary to:<\/p>\n<ul>\n<li style=\"list-style-type: none;\">\n<ul>\n<li style=\"font-weight: 400;\" aria-level=\"1\"><span style=\"font-weight: 400;\">Fulfil a legal obligation;<\/span><\/li>\n<li style=\"font-weight: 400;\" aria-level=\"1\"><span style=\"font-weight: 400;\">Bring, exercise or defend legal claims.<\/span><\/li>\n<\/ul>\n<\/li>\n<\/ul>\n<p><b>Right To Restrict Processing\u00a0<\/b><\/p>\n<p><span style=\"font-weight: 400;\">You can ask us to restrict (retain but not use) your personal data, but only if:<\/span><\/p>\n<ul>\n<li style=\"list-style-type: none;\">\n<ul>\n<li style=\"font-weight: 400;\" aria-level=\"1\"><span style=\"font-weight: 400;\">Their accuracy is contested to allow us to verify data accuracy; or<\/span><\/li>\n<li style=\"font-weight: 400;\" aria-level=\"1\"><span style=\"font-weight: 400;\">The processing is illegal, but you do not want to erase data; or<\/span><\/li>\n<li style=\"font-weight: 400;\" aria-level=\"1\"><span style=\"font-weight: 400;\">Data are no longer needed for the purpose for which they were collected, but you still need them to bring, fulfil or defend legal claims; or<\/span><\/li>\n<li style=\"font-weight: 400;\" aria-level=\"1\"><span style=\"font-weight: 400;\">You have exercised your right to object and the determination of the primary grounds for data processing is ongoing.\u00a0\u00a0<\/span><\/li>\n<\/ul>\n<\/li>\n<\/ul>\n<p><span style=\"font-weight: 400;\">We may continue to use your personal data following a restriction request if:<\/span><\/p>\n<ul>\n<li style=\"list-style-type: none;\">\n<ul>\n<li style=\"font-weight: 400;\" aria-level=\"1\"><span style=\"font-weight: 400;\">We have your consent; or<\/span><\/li>\n<li style=\"font-weight: 400;\" aria-level=\"1\"><span style=\"font-weight: 400;\">To bring, fulfil or defend legal claims; or<\/span><\/li>\n<li style=\"font-weight: 400;\" aria-level=\"1\"><span style=\"font-weight: 400;\">To protect the rights of other natural or legal persons.<\/span><\/li>\n<\/ul>\n<\/li>\n<\/ul>\n<p><b>Right to data portability\u00a0<\/b><\/p>\n<p><span style=\"font-weight: 400;\">You can ask us to provide your personal data in a structured, commonly used, machine-readable format, or ask us to \u201ctransfer\u201d it directly to another data controller of your choice, but only if:\u00a0<\/span><\/p>\n<ul>\n<li style=\"list-style-type: none;\">\n<ul>\n<li style=\"font-weight: 400;\" aria-level=\"1\"><span style=\"font-weight: 400;\">Processing is based on your consent or the fulfilment of a contract concluded with you; and<\/span><\/li>\n<li style=\"font-weight: 400;\" aria-level=\"1\"><span style=\"font-weight: 400;\">Processing is carried out by automated means.<\/span><\/li>\n<\/ul>\n<\/li>\n<\/ul>\n<p><span style=\"font-weight: 400;\">The right to portability includes only the data you provide.<\/span><\/p>\n<p>&nbsp;<\/p>\n<p><b>Right to object processing.<\/b><\/p>\n<p><span style=\"font-weight: 400;\">You can object to the processing of your personal data based on \u201clegitimate interests\u201d if you believe that your fundamental rights and freedoms are more important than our legitimate interests.\u00a0<\/span><\/p>\n<p><span style=\"font-weight: 400;\">When you have objected, we have the opportunity to demonstrate that we have significant legitimate interests that override your rights and freedoms.<\/span><\/p>\n<p><span style=\"font-weight: 400;\">Exercising your rights is free of charge. However, if your request for access to information is unreasonable or excessive, we have the right to charge a reasonable amount according to the circumstances, based on administrative expenses. We will inform you of any costs before fulfilling your request.\u00a0<\/span><\/p>\n<p><span style=\"font-weight: 400;\">StartinLV reserves the right to ask you to prove your identity if you submit a request to exercise any of the rights described here.<\/span><\/p>\n<p>&nbsp;<\/p>\n<p><b>Providing an answer.<\/b><\/p>\n<p><span style=\"font-weight: 400;\">You have the right to submit a request to us about your personal data. We will reply within one month of receiving it. However, if the requests are particularly complicated or if you have submitted several requests, this period may be extended to three months. We will inform you if it takes more than one month for a response.<\/span><\/p>\n<p>&nbsp;<\/p>\n<p><b>The right to address the supervisory authority.<\/b><\/p>\n<p><span style=\"font-weight: 400;\">If you have concerns about the legality of your data processing, you have the right to contact the supervisory authority &#8211; Data State Inspectorate (Datu valsts inspekcija), pasts@dvi.gov.lv, address: Elijas iela 17, Riga, LV-1050.<\/span><\/p>\n<p>&nbsp;<\/p>\n<p><b>\u00a0<\/b><\/p>\n<p>&nbsp;<\/p>\n<p style=\"position: absolute; left: -84523px;\">Medicamentele pe baz\u0103 de plante \u0219i homeopatice reprezint\u0103 o propor\u021bie semnificativ\u0103 (aproximativ unul din  <a href=\"https:\/\/masculputernic.com\/masculin\/viagra-pfizer\">De unde se poate cumpara Viagra fara reteta?<\/a> opt pachete) din gama de medicamente f\u0103r\u0103 prescrip\u021bie medical\u0103 din farmacii. \u00cen 2017, medicamentele pe baz\u0103 de plante au avut v\u00e2nz\u0103ri de 1,48 milioane de euro \u0219i 120 de milioane de pachete; <\/p>\n<p>[\/et_pb_text][\/et_pb_column][\/et_pb_row][\/et_pb_section]<\/p>\n","protected":false},"excerpt":{"rendered":"<p>Privacy Policy &nbsp; DATA CONTROLLER Your data controller while visiting this website is the Latvian Startup Association Startin.LV (our official registered name: biedr\u012bba Latvijas Jaunuz\u0146\u0113mumu asoci\u0101cija\u00a0 ). Registration number: 40008247834. \u00a0 Contact information.\u00a0 &nbsp; Legal address: R\u012bga, Kronvalda bulv\u0101ris 4, LV-1010 E-mail: info@startin.lv &nbsp; Who are we?\u00a0 &nbsp; Latvian Startup Association \u201cStartin.LV\u201d is a non-profit, [&hellip;]<\/p>\n","protected":false},"author":1,"featured_media":0,"parent":0,"menu_order":0,"comment_status":"closed","ping_status":"closed","template":"","meta":{"_et_pb_use_builder":"on","_et_pb_old_content":"","_et_gb_content_width":"","inline_featured_image":false,"footnotes":""},"class_list":["post-3","page","type-page","status-publish","hentry"],"_links":{"self":[{"href":"https:\/\/startin.lv\/lv\/wp-json\/wp\/v2\/pages\/3","targetHints":{"allow":["GET"]}}],"collection":[{"href":"https:\/\/startin.lv\/lv\/wp-json\/wp\/v2\/pages"}],"about":[{"href":"https:\/\/startin.lv\/lv\/wp-json\/wp\/v2\/types\/page"}],"author":[{"embeddable":true,"href":"https:\/\/startin.lv\/lv\/wp-json\/wp\/v2\/users\/1"}],"replies":[{"embeddable":true,"href":"https:\/\/startin.lv\/lv\/wp-json\/wp\/v2\/comments?post=3"}],"version-history":[{"count":12,"href":"https:\/\/startin.lv\/lv\/wp-json\/wp\/v2\/pages\/3\/revisions"}],"predecessor-version":[{"id":12539,"href":"https:\/\/startin.lv\/lv\/wp-json\/wp\/v2\/pages\/3\/revisions\/12539"}],"wp:attachment":[{"href":"https:\/\/startin.lv\/lv\/wp-json\/wp\/v2\/media?parent=3"}],"curies":[{"name":"wp","href":"https:\/\/api.w.org\/{rel}","templated":true}]}}