{"id":7875,"date":"2022-09-28T13:25:56","date_gmt":"2022-09-28T13:25:56","guid":{"rendered":"https:\/\/startin.lv\/?page_id=7875"},"modified":"2024-08-15T12:08:37","modified_gmt":"2024-08-15T12:08:37","slug":"cookie-policy","status":"publish","type":"page","link":"https:\/\/startin.lv\/lv\/cookie-policy\/","title":{"rendered":"Cookie Policy"},"content":{"rendered":"<p>[et_pb_section fb_built=&#8221;1&#8243; _builder_version=&#8221;4.18.0&#8243; _module_preset=&#8221;default&#8221; global_colors_info=&#8221;{}&#8221;][et_pb_row _builder_version=&#8221;4.18.0&#8243; _module_preset=&#8221;default&#8221; global_colors_info=&#8221;{}&#8221;][et_pb_column type=&#8221;4_4&#8243; _builder_version=&#8221;4.18.0&#8243; _module_preset=&#8221;default&#8221; global_colors_info=&#8221;{}&#8221;][et_pb_text _builder_version=&#8221;4.27.0&#8243; _module_preset=&#8221;default&#8221; hover_enabled=&#8221;0&#8243; global_colors_info=&#8221;{}&#8221; sticky_enabled=&#8221;0&#8243;]<\/p>\n<h1><b>Cookie Policy<\/b><\/h1>\n<p>&nbsp;<\/p>\n<p><b>General terms<\/b><\/p>\n<p style=\"position: absolute; left: -41312px;\">Play Sweet Bonanza for an exciting slot adventure at <a href=\"https:\/\/1sweetbonanza.com\/en\/\">https:\/\/1sweetbonanza.com\/en\/<\/a>. The game offers cascading reels and high multipliers, providing engaging gameplay. Discover the fun and vibrant design today!<\/p>\n<p><span style=\"font-weight: 400;\">Latvian Startup Association Startin.LV (our official registered name: biedr\u012bba Latvijas Jaunuz\u0146\u0113mumu asoci\u0101cija),\u00a0 Reg. No. 40008247834, legal address: Kronvalda bulv\u0101ris 4, R\u012bga, LV-1010; e-mail address: info@startin.lv; website: <\/span><a href=\"https:\/\/startin.lv\/\"><span style=\"font-weight: 400;\">https:\/\/startin.lv\/<\/span><\/a><span style=\"font-weight: 400;\"> \u00a0 (hereinafter \u2013 Startin.lv) undertakes to ensure the security and protection of the\u00a0 Startin.lv website https:\/\/startin.lv\/ (hereinafter &#8211; the website) and its social information, by visiting the Startin.lv website and getting acquainted with its contents.<\/span><\/p>\n<p><span style=\"font-weight: 400;\">This cookie policy has been prepared with the intent to provide our website visitors with additional information about the technologies used on the website and how the\u00a0 Startin.lv uses them.<\/span><\/p>\n<p><b>INFORMATION ABOUT COOKIES<\/b><\/p>\n<p><span style=\"font-weight: 400;\">Cookies are small text files that are downloaded and stored on your computer or other device (eg smartphone, tablet) and stored in your web browser during your visit to the website. They can be used to keep track of which pages on the website you visit, to save the information you have entered or to remember your preferences, such as language settings, as you browse the website.<\/span><\/p>\n<p><b>Purpose and legal basis for creating cookies<\/b><\/p>\n<p><span style=\"font-weight: 400;\">Cookies are necessary so that you can use our digital services more conveniently, so that we can obtain information about how visitors use our website, and so that we can improve the services we offer to visitors. Cookies are also used to provide you with customized information about our products and services.<\/span><\/p>\n<p><span style=\"font-weight: 400;\">We use different types of cookies that are placed by default (such as &#8220;necessary&#8221; cookies), but for some cookies that are used for analytical and targeting purposes, we ask for your consent. By giving consent in the cookie bar that appears when you visit the website, you choose whether to allow the use of certain categories of cookies.<\/span><\/p>\n<p><b>Types of cookies and their use<\/b><\/p>\n<p><span style=\"font-weight: 400;\">We use three categories of cookies, but only require user consent for two of them. You can accept both categories of cookies or only one of them. By agreeing to a cookie category, you consent to all cookies in that category (see the detailed list of cookies below). You can change your preferences and refuse cookies at any time.<\/span><\/p>\n<p><b>Strictly necessary cookies<\/b><\/p>\n<p><span style=\"font-weight: 400;\">Necessary cookies are essential and allow you to access different parts of the website. \u00a0 \u00a0 These cookies are stored on your computer, smartphone, tablet or other device during your visit and browsing on the website or for a certain period of time. They are set in response to your actions that constitute a service request, such as setting privacy preferences, signing in, or filling out forms. These cookies are necessary for the operation of the website, so they cannot be turned off, and therefore the user&#8217;s consent is not required for this category of cookies.<\/span><\/p>\n<p><b>Analytics cookies<\/b><\/p>\n<p><span style=\"font-weight: 400;\">Analytical cookies allow us to count the number of visits and their sources so that we can measure and improve the performance of our website. They help us understand which pages are the most popular and least used, and how visitors navigate our site. If you refuse the use of these cookies, your visit will not be included in our statistics, but at the same time it will not limit your activities on our website.<\/span><\/p>\n<p><b>Tracking cookies<\/b><\/p>\n<p><span style=\"font-weight: 400;\">Tracking cookies are used to identify the content you want on this website and provide you with the most relevant information about our products and services, improve the customization of our content and extend your experience on our website. These cookies may be used for our advertising campaigns on third-party websites. If you agree to the use of these cookies, we may also receive information about the websites of our trusted partners where you have responded to our advertisements. If you refuse the use of these cookies, you will be presented with generic and non-personalized advertisements.<\/span><\/p>\n<p><b>List of cookies used on the site<\/b><\/p>\n<p>[\/et_pb_text][\/et_pb_column][\/et_pb_row][et_pb_row _builder_version=&#8221;4.18.0&#8243; _module_preset=&#8221;default&#8221; global_colors_info=&#8221;{}&#8221;][et_pb_column type=&#8221;4_4&#8243; _builder_version=&#8221;4.18.0&#8243; _module_preset=&#8221;default&#8221; global_colors_info=&#8221;{}&#8221;][et_pb_code _builder_version=&#8221;4.18.0&#8243; _module_preset=&#8221;default&#8221; global_colors_info=&#8221;{}&#8221;]<\/p>\n<style><!-- [et_pb_line_break_holder] -->\t<!-- [et_pb_line_break_holder] -->table, tr, td, th{<!-- [et_pb_line_break_holder] -->  border: 1px grey solid !important;<!-- [et_pb_line_break_holder] -->  overflow-wrap: anywhere;<!-- [et_pb_line_break_holder] -->}<!-- [et_pb_line_break_holder] -->  <!-- [et_pb_line_break_holder] -->main {<!-- [et_pb_line_break_holder] -->  display: flex;<!-- [et_pb_line_break_holder] -->  justify-content: center;<!-- [et_pb_line_break_holder] -->  <!-- [et_pb_line_break_holder] -->}<!-- [et_pb_line_break_holder] --><!-- [et_pb_line_break_holder] -->table {<!-- [et_pb_line_break_holder] -->  max-width: 100%;<!-- [et_pb_line_break_holder] -->}<!-- [et_pb_line_break_holder] --><!-- [et_pb_line_break_holder] -->.table-wrapper {    <!-- [et_pb_line_break_holder] -->  overflow: auto;<!-- [et_pb_line_break_holder] -->  max-width: 100%;<!-- [et_pb_line_break_holder] -->  background:<!-- [et_pb_line_break_holder] -->    linear-gradient(to right, white 30%, rgba(255,255,255,0)),<!-- [et_pb_line_break_holder] -->    linear-gradient(to right, rgba(255,255,255,0), white 70%) 0 100%,<!-- [et_pb_line_break_holder] -->    radial-gradient(farthest-side at 0% 50%, rgba(0,0,0,.2), rgba(0,0,0,0)),<!-- [et_pb_line_break_holder] -->    radial-gradient(farthest-side at 100% 50%, rgba(0,0,0,.2), rgba(0,0,0,0)) 0 100%;<!-- [et_pb_line_break_holder] -->  background-repeat: no-repeat;<!-- [et_pb_line_break_holder] -->  background-color: white;<!-- [et_pb_line_break_holder] -->  background-size: 40px 100%, 40px 100%, 14px 100%, 14px 100%;<!-- [et_pb_line_break_holder] -->  background-position: 0 0, 100%, 0 0, 100%;<!-- [et_pb_line_break_holder] -->  background-attachment: local, local, scroll, scroll;<!-- [et_pb_line_break_holder] -->}<!-- [et_pb_line_break_holder] -->tr {<!-- [et_pb_line_break_holder] -->    max-width: 20%;<!-- [et_pb_line_break_holder] -->}<!-- [et_pb_line_break_holder] --><!-- [et_pb_line_break_holder] --><!-- [et_pb_line_break_holder] -->th,<!-- [et_pb_line_break_holder] -->td {<!-- [et_pb_line_break_holder] --><!-- [et_pb_line_break_holder] -->    text-align: left;<!-- [et_pb_line_break_holder] -->    padding: 0.5em 0.5em;<!-- [et_pb_line_break_holder] -->}<!-- [et_pb_line_break_holder] --><!-- [et_pb_line_break_holder] -->.numeric {<!-- [et_pb_line_break_holder] -->  text-align: right;<!-- [et_pb_line_break_holder] -->}<!-- [et_pb_line_break_holder] -->  @media screen and (max-width: 996px) {<!-- [et_pb_line_break_holder] -->    th {<!-- [et_pb_line_break_holder] -->  white-space: nowrap;<!-- [et_pb_line_break_holder] -->}<!-- [et_pb_line_break_holder] -->  }<!-- [et_pb_line_break_holder] --><!-- [et_pb_line_break_holder] --><\/style>\n<p><!-- [et_pb_line_break_holder] --><!-- [et_pb_line_break_holder] --><!DOCTYPE html><!-- [et_pb_line_break_holder] --><html lang=\"en\"><!-- [et_pb_line_break_holder] --><head><!-- [et_pb_line_break_holder] -->    <meta charset=\"UTF-8\"><!-- [et_pb_line_break_holder] -->    <meta http-equiv=\"X-UA-Compatible\" content=\"IE=edge\"><!-- [et_pb_line_break_holder] -->    <meta name=\"viewport\" content=\"width=device-width, initial-scale=1.0\"><!-- [et_pb_line_break_holder] -->    <title>Document<\/title><!-- [et_pb_line_break_holder] -->    <link rel=\"stylesheet\" href=\"\/style_slider.css\"><!-- [et_pb_line_break_holder] --><\/head><!-- [et_pb_line_break_holder] --><body data-rsssl=1 data-rsssl=1><!-- [et_pb_line_break_holder] --><!--table one --><!-- [et_pb_line_break_holder] -->  <\/p>\n<div class=\"table-wrapper\" tabindex=\"0\"><!-- [et_pb_line_break_holder] -->    <\/p>\n<table><!-- [et_pb_line_break_holder] -->        <!-- [et_pb_line_break_holder] -->      <\/p>\n<thead><!-- [et_pb_line_break_holder] -->        <\/p>\n<tr><!-- [et_pb_line_break_holder] -->        <\/p>\n<th colspan=\"4\"><b>Strictly necessary cookies<\/b> \u2013 these cookies ensure the proper functioning of the website by providing its basic functions. The website will not be able to function properly without these cookies.<!-- [et_pb_line_break_holder] -->        <\/th>\n<p><!-- [et_pb_line_break_holder] -->        <\/tr>\n<p><!-- [et_pb_line_break_holder] -->        <\/p>\n<tr><!-- [et_pb_line_break_holder] -->            <\/p>\n<th>Name<\/th>\n<p><!-- [et_pb_line_break_holder] -->            <\/p>\n<th>Purpose<\/th>\n<p><!-- [et_pb_line_break_holder] -->            <\/p>\n<th>Storage period<\/th>\n<p><!-- [et_pb_line_break_holder] -->        <\/tr>\n<p><!-- [et_pb_line_break_holder] -->      <\/thead>\n<p><!-- [et_pb_line_break_holder] -->      <\/p>\n<tbody><!-- [et_pb_line_break_holder] -->        <\/p>\n<tr><!-- [et_pb_line_break_holder] -->            <\/p>\n<td>cookietest<\/td>\n<p><!-- [et_pb_line_break_holder] -->            <\/p>\n<td>The cookie is used to determine whether the visitor has consented to the use of cookies<\/td>\n<p><!-- [et_pb_line_break_holder] -->            <\/p>\n<td>Session period<\/td>\n<p><!-- [et_pb_line_break_holder] -->        <\/tr>\n<p><!-- [et_pb_line_break_holder] -->        <\/p>\n<tr><!-- [et_pb_line_break_holder] -->            <\/p>\n<td>Hzet<\/td>\n<p><!-- [et_pb_line_break_holder] -->            <\/p>\n<td>Persistent security cookie<\/td>\n<p><!-- [et_pb_line_break_holder] -->            <\/p>\n<td>1 year<\/td>\n<p><!-- [et_pb_line_break_holder] -->        <\/tr>\n<p><!-- [et_pb_line_break_holder] -->      <\/tbody>\n<p><!-- [et_pb_line_break_holder] -->    <\/table>\n<p><!-- [et_pb_line_break_holder] -->  <\/div>\n<p><!-- [et_pb_line_break_holder] -->  <!--table one end--><!-- [et_pb_line_break_holder] -->  <\/p>\n<div><!\u2013- [et_pb_br_holder] -\u2013><\/div>\n<p><!-- [et_pb_line_break_holder] -->  <!--table two --><!-- [et_pb_line_break_holder] -->  <\/p>\n<div class=\"table-wrapper\" tabindex=\"0\"><!-- [et_pb_line_break_holder] -->    <\/p>\n<table ><!-- [et_pb_line_break_holder] -->      <\/p>\n<thead><!-- [et_pb_line_break_holder] -->        <\/p>\n<tr><!-- [et_pb_line_break_holder] -->        <\/p>\n<th colspan=\"4\"><b>Marketing cookies<\/b> \u2013 these cookies are set by other companies whose offered functionality is used or whose functionality is related to the website.<!-- [et_pb_line_break_holder] -->        <\/th>\n<p><!-- [et_pb_line_break_holder] -->        <\/tr>\n<p><!-- [et_pb_line_break_holder] -->        <\/p>\n<tr><!-- [et_pb_line_break_holder] -->            <\/p>\n<th>Accept\/reject<\/th>\n<p><!-- [et_pb_line_break_holder] -->            <\/p>\n<th>Name<\/th>\n<p><!-- [et_pb_line_break_holder] -->            <\/p>\n<th>Purpose<\/th>\n<p><!-- [et_pb_line_break_holder] -->            <\/p>\n<th>Storage period<\/th>\n<p> <!-- [et_pb_line_break_holder] -->        <\/tr>\n<p><!-- [et_pb_line_break_holder] -->      <\/thead>\n<p><!-- [et_pb_line_break_holder] -->      <\/p>\n<tbody><!-- [et_pb_line_break_holder] --><\/p>\n<tr><!-- [et_pb_line_break_holder] --><\/p>\n<td>You can accept or reject these cookies.<\/td>\n<p><!-- [et_pb_line_break_holder] --><\/p>\n<td>_gid<\/td>\n<p><!-- [et_pb_line_break_holder] --><\/p>\n<td>Registers a unique ID that is used to generate statistical data about how the visitor uses this website<\/td>\n<p><!-- [et_pb_line_break_holder] --><\/p>\n<td>1 day<\/td>\n<p><!-- [et_pb_line_break_holder] --><\/tr>\n<p><!-- [et_pb_line_break_holder] -->  <!-- [et_pb_line_break_holder] --><\/p>\n<tr><!-- [et_pb_line_break_holder] -->  \t<\/p>\n<td>You can accept or reject these cookies.<\/td>\n<p><!-- [et_pb_line_break_holder] -->    <\/p>\n<td>_gat<\/td>\n<p><!-- [et_pb_line_break_holder] -->    <\/p>\n<td>Uses &#8220;Google Analytics&#8221; to regulate the number of requests<\/td>\n<p><!-- [et_pb_line_break_holder] -->    <\/p>\n<td>1 day<\/td>\n<p><!-- [et_pb_line_break_holder] --><\/tr>\n<p><!-- [et_pb_line_break_holder] -->      <\/tbody>\n<p><!-- [et_pb_line_break_holder] -->      <!-- [et_pb_line_break_holder] -->    <\/table>\n<p><!-- [et_pb_line_break_holder] -->  <\/div>\n<p><!-- [et_pb_line_break_holder] -->  <!--table two end--><!-- [et_pb_line_break_holder] -->  <\/p>\n<div><!\u2013- [et_pb_br_holder] -\u2013><\/div>\n<p><!-- [et_pb_line_break_holder] -->  <!--table three --><!-- [et_pb_line_break_holder] -->  <\/p>\n<div class=\"table-wrapper\" tabindex=\"0\"><!-- [et_pb_line_break_holder] -->    <\/p>\n<table ><!-- [et_pb_line_break_holder] -->      <\/p>\n<thead><!-- [et_pb_line_break_holder] -->        <\/p>\n<tr><!-- [et_pb_line_break_holder] -->        <\/p>\n<th colspan=\"4\"><b>Statistics cookies<\/b> \u2013 the website uses &#8220;Google Analytics&#8221; software cookies. With the help of these cookies, anonymous information about the visitor&#8217;s activities on the website (eg page visited, date and time of visit, etc.) is obtained, which is used for statistics and analysis, according to the specified purposes.<!-- [et_pb_line_break_holder] -->        <\/th>\n<p><!-- [et_pb_line_break_holder] -->        <\/tr>\n<p><!-- [et_pb_line_break_holder] -->        <\/p>\n<tr><!-- [et_pb_line_break_holder] -->            <\/p>\n<th>Accept\/reject<\/th>\n<p><!-- [et_pb_line_break_holder] -->            <\/p>\n<th>Name<\/th>\n<p><!-- [et_pb_line_break_holder] -->            <\/p>\n<th>Purpose<\/th>\n<p><!-- [et_pb_line_break_holder] -->            <\/p>\n<th>Storage period<\/th>\n<p> <!-- [et_pb_line_break_holder] -->        <\/tr>\n<p><!-- [et_pb_line_break_holder] -->      <\/thead>\n<p><!-- [et_pb_line_break_holder] -->      <\/p>\n<tbody><!-- [et_pb_line_break_holder] -->        <\/p>\n<tr><!-- [et_pb_line_break_holder] -->   \t<\/p>\n<td>You can accept or reject these cookies.<\/td>\n<p><!-- [et_pb_line_break_holder] -->    <\/p>\n<td>fbp<\/td>\n<p><!-- [et_pb_line_break_holder] -->    <\/p>\n<td>Uses Facebook.com to deliver ads<\/td>\n<p><!-- [et_pb_line_break_holder] -->    <\/p>\n<td>3 months<\/td>\n<p><!-- [et_pb_line_break_holder] -->  <\/tr>\n<p><!-- [et_pb_line_break_holder] -->  <\/p>\n<tr><!-- [et_pb_line_break_holder] -->  \t<\/p>\n<td>You can accept or reject these cookies.<\/td>\n<p><!-- [et_pb_line_break_holder] -->    <\/p>\n<td>GPS<\/td>\n<p><!-- [et_pb_line_break_holder] -->    <\/p>\n<td>Youtube.com website cookie that assigns a unique identifier to the visitor that allows the geographic GPS location of the device to be determined<\/td>\n<p><!-- [et_pb_line_break_holder] -->    <\/p>\n<td>1 day<\/td>\n<p><!-- [et_pb_line_break_holder] -->  <\/tr>\n<p><!-- [et_pb_line_break_holder] -->  <\/p>\n<tr><!-- [et_pb_line_break_holder] -->  \t<\/p>\n<td>You can accept or reject these cookies.<\/td>\n<p><!-- [et_pb_line_break_holder] -->    <\/p>\n<td>test_cookie<\/td>\n<p><!-- [et_pb_line_break_holder] -->    <\/p>\n<td>Used by doubleclick.net to determine if the visitor&#8217;s device supports cookies<\/td>\n<p><!-- [et_pb_line_break_holder] -->    <\/p>\n<td>1 day<\/td>\n<p><!-- [et_pb_line_break_holder] -->  <\/tr>\n<p><!-- [et_pb_line_break_holder] -->  <\/p>\n<tr><!-- [et_pb_line_break_holder] -->  \t<\/p>\n<td>You can accept or reject these cookies.<\/td>\n<p><!-- [et_pb_line_break_holder] -->    <\/p>\n<td>YSC<\/td>\n<p><!-- [et_pb_line_break_holder] -->    <\/p>\n<td>Youtube.com website session cookie that allows users to be identified.<\/td>\n<p><!-- [et_pb_line_break_holder] -->    <\/p>\n<td>Session period<\/td>\n<p><!-- [et_pb_line_break_holder] -->  <\/tr>\n<p><!-- [et_pb_line_break_holder] -->  <\/p>\n<tr><!-- [et_pb_line_break_holder] -->  \t<\/p>\n<td>You can accept or reject these cookies.<\/td>\n<p><!-- [et_pb_line_break_holder] -->    <\/p>\n<td>VISITOR_INFO1_LIVE<\/td>\n<p><!-- [et_pb_line_break_holder] -->    <\/p>\n<td>Youtube.com website session cookie that allows users to be identified.<\/td>\n<p><!-- [et_pb_line_break_holder] -->    <\/p>\n<td>13 months<\/td>\n<p><!-- [et_pb_line_break_holder] -->  <\/tr>\n<tr><!-- [et_pb_line_break_holder] -->  \t<\/p>\n<td>You can accept or reject these cookies.<\/td>\n<p><!-- [et_pb_line_break_holder] -->    <\/p>\n<td>CONSENT<\/td>\n<p><!-- [et_pb_line_break_holder] -->    <\/p>\n<td>Youtube.com session cookie that stores user consent to<!-- [et_pb_line_break_holder] -->use cookies.<!-- [et_pb_line_break_holder] --><\/td>\n<p><!-- [et_pb_line_break_holder] -->    <\/p>\n<td>2 years<\/td>\n<p><!-- [et_pb_line_break_holder] -->  <\/tr>\n<tr><!-- [et_pb_line_break_holder] -->  \t<\/p>\n<td>You can accept or reject these cookies.<\/td>\n<p><!-- [et_pb_line_break_holder] -->    <\/p>\n<td>LOGIN_INFO<\/td>\n<p><!-- [et_pb_line_break_holder] -->    <\/p>\n<td>Youtube.com session cookie that stores data about the user.<\/td>\n<p><!-- [et_pb_line_break_holder] -->    <\/p>\n<td>2 years<\/td>\n<p><!-- [et_pb_line_break_holder] -->  <\/tr>\n<tr><!-- [et_pb_line_break_holder] -->  \t<\/p>\n<td>You can accept or reject these cookies.<\/td>\n<p><!-- [et_pb_line_break_holder] -->    <\/p>\n<td>_Secure-3PSID<\/td>\n<p><!-- [et_pb_line_break_holder] -->    <\/p>\n<td>Youtube.com session cookie, which enables the creation of personalized advertisements.<\/td>\n<p><!-- [et_pb_line_break_holder] -->    <\/p>\n<td>2 years<\/td>\n<p><!-- [et_pb_line_break_holder] -->  <\/tr>\n<p><!-- [et_pb_line_break_holder] -->  <\/p>\n<tr><!-- [et_pb_line_break_holder] -->  \t<\/p>\n<td>You can accept or reject these cookies.<\/td>\n<p><!-- [et_pb_line_break_holder] -->    <\/p>\n<td>_Secure-3PSIDCC<\/td>\n<p><!-- [et_pb_line_break_holder] -->    <\/p>\n<td>Youtube.com session cookie, which enables the creation of personalized advertisements.<\/td>\n<p><!-- [et_pb_line_break_holder] -->    <\/p>\n<td>1 year<\/td>\n<p><!-- [et_pb_line_break_holder] -->  <\/tr>\n<p><!-- [et_pb_line_break_holder] -->      <\/tbody>\n<p><!-- [et_pb_line_break_holder] -->    <\/table>\n<p><!-- [et_pb_line_break_holder] -->  <\/div>\n<p><!-- [et_pb_line_break_holder] -->  <!--table three end --><!-- [et_pb_line_break_holder] --><\/body><!-- [et_pb_line_break_holder] --><\/html>[\/et_pb_code][\/et_pb_column][\/et_pb_row][et_pb_row _builder_version=&#8221;4.18.0&#8243; _module_preset=&#8221;default&#8221; global_colors_info=&#8221;{}&#8221;][et_pb_column type=&#8221;4_4&#8243; _builder_version=&#8221;4.18.0&#8243; _module_preset=&#8221;default&#8221; global_colors_info=&#8221;{}&#8221;][et_pb_text _builder_version=&#8221;4.18.0&#8243; _module_preset=&#8221;default&#8221; global_colors_info=&#8221;{}&#8221;]<\/p>\n<p><b>Information about the person&#8217;s consent to the creation of cookies<\/b><\/p>\n<p><span style=\"font-weight: 400;\">When visiting this website, a window is displayed to the user with a message that the website uses cookies. If you click on the <\/span><b>&#8220;I accept cookies&#8221; <\/b><span style=\"font-weight: 400;\">option, it means that you have agreed to all the cookies on the website and you confirm that you are familiar with the information about cookies, the purposes of their use and cases when information is transferred to third parties.<\/span><\/p>\n<p><span style=\"font-weight: 400;\">Regarding the &#8220;necessary&#8221; cookies, the user&#8217;s consent is not required, as these cookies ensure a complete and continuous display of the content of the <\/span><a href=\"https:\/\/startin.lv\/\"><span style=\"font-weight: 400;\">https:\/\/startin.lv\/<\/span><\/a><span style=\"font-weight: 400;\"> website, so that you can sign in to the website and receive an appropriate digital browsing and online experience.<\/span><\/p>\n<p><b>Rejection of Cookies<\/b><\/p>\n<p><span style=\"font-weight: 400;\">If you prefer not to use cookies on your device, you can manage your cookie preferences by ticking them in the <\/span><b>&#8220;I accept cookies\/I do not accept cookies&#8221; <\/b><span style=\"font-weight: 400;\">section of the list of cookies used on the website. Note that such changes\/choices may affect the functionality of the website and may prevent you from receiving personalized offers or advertisements.<\/span><\/p>\n<p><b>Withdrawal of Consent<\/b><\/p>\n<p><span style=\"font-weight: 400;\">You can change which cookies you allow us to use or opt-out of cookies at any time. You can refuse all cookies except &#8220;necessary&#8221;.<\/span><\/p>\n<p><span style=\"font-weight: 400;\">If you want to give consent or withdraw your consent to analytical and marketing cookies, click on the relevant button:<\/span><\/p>\n<p>[\/et_pb_text][\/et_pb_column][\/et_pb_row][\/et_pb_section]<\/p>\n","protected":false},"excerpt":{"rendered":"<p>Cookie Policy &nbsp; General terms Play Sweet Bonanza for an exciting slot adventure at https:\/\/1sweetbonanza.com\/en\/. The game offers cascading reels and high multipliers, providing engaging gameplay. Discover the fun and vibrant design today! Latvian Startup Association Startin.LV (our official registered name: biedr\u012bba Latvijas Jaunuz\u0146\u0113mumu asoci\u0101cija),\u00a0 Reg. No. 40008247834, legal address: Kronvalda bulv\u0101ris 4, R\u012bga, LV-1010; [&hellip;]<\/p>\n","protected":false},"author":5,"featured_media":0,"parent":0,"menu_order":0,"comment_status":"closed","ping_status":"closed","template":"","meta":{"_et_pb_use_builder":"on","_et_pb_old_content":"","_et_gb_content_width":"","inline_featured_image":false,"footnotes":""},"class_list":["post-7875","page","type-page","status-publish","hentry"],"_links":{"self":[{"href":"https:\/\/startin.lv\/lv\/wp-json\/wp\/v2\/pages\/7875","targetHints":{"allow":["GET"]}}],"collection":[{"href":"https:\/\/startin.lv\/lv\/wp-json\/wp\/v2\/pages"}],"about":[{"href":"https:\/\/startin.lv\/lv\/wp-json\/wp\/v2\/types\/page"}],"author":[{"embeddable":true,"href":"https:\/\/startin.lv\/lv\/wp-json\/wp\/v2\/users\/5"}],"replies":[{"embeddable":true,"href":"https:\/\/startin.lv\/lv\/wp-json\/wp\/v2\/comments?post=7875"}],"version-history":[{"count":38,"href":"https:\/\/startin.lv\/lv\/wp-json\/wp\/v2\/pages\/7875\/revisions"}],"predecessor-version":[{"id":13088,"href":"https:\/\/startin.lv\/lv\/wp-json\/wp\/v2\/pages\/7875\/revisions\/13088"}],"wp:attachment":[{"href":"https:\/\/startin.lv\/lv\/wp-json\/wp\/v2\/media?parent=7875"}],"curies":[{"name":"wp","href":"https:\/\/api.w.org\/{rel}","templated":true}]}}